{"id":114,"date":"2017-05-02T13:36:23","date_gmt":"2017-05-02T11:36:23","guid":{"rendered":"http:\/\/wagnerpensel.se\/?page_id=114"},"modified":"2026-03-18T14:14:07","modified_gmt":"2026-03-18T13:14:07","slug":"om-oss","status":"publish","type":"page","link":"https:\/\/wagnerpensel.se\/en\/om-oss\/","title":{"rendered":"About us"},"content":{"rendered":"<div id=\"gap-298703225\" class=\"gap-element clearfix\" style=\"display:block; height:auto;\">\n\t\t\n<style>\n#gap-298703225 {\n  padding-top: 30px;\n}\n<\/style>\n\t<\/div>\n\t\n\n  <div class=\"banner has-hover\" id=\"banner-292558524\">\n          <div class=\"banner-inner fill\">\n        <div class=\"banner-bg fill\" >\n            <div class=\"bg fill bg-fill\"><\/div>\n                                    \n                    <\/div>\n\t\t\n        <div class=\"banner-layers container\">\n            <div class=\"fill banner-link\"><\/div>            \n   <div id=\"text-box-49887201\" class=\"text-box banner-layer x50 md-x50 lg-x50 y50 md-y50 lg-y50 res-text\">\n                                <div class=\"text-box-content text dark\">\n              \n              <div class=\"text-inner text-center\">\n                  \n<h3 class=\"uppercase\"><span style=\"color: #282828;\"><strong>Who We Are<\/strong><\/span><\/h3>\n<p><span style=\"color: #282828;\"><strong>Who are we and what do we do?<\/strong><\/span><\/p>\n              <\/div>\n           <\/div>\n                            \n<style>\n#text-box-49887201 {\n  width: 60%;\n}\n#text-box-49887201 .text-box-content {\n  font-size: 100%;\n}\n<\/style>\n    <\/div>\n \n        <\/div>\n      <\/div>\n\n            \n<style>\n#banner-292558524 {\n  padding-top: 500px;\n}\n#banner-292558524 .bg.bg-loaded {\n  background-image: url(https:\/\/wagnerpensel.se\/wp-content\/uploads\/2017\/11\/ext-1024x431.jpg);\n}\n#banner-292558524 .ux-shape-divider--top svg {\n  height: 150px;\n  --divider-top-width: 100%;\n}\n#banner-292558524 .ux-shape-divider--bottom svg {\n  height: 150px;\n  --divider-width: 100%;\n}\n<\/style>\n  <\/div>\n\n\n\t<div id=\"gap-218188082\" class=\"gap-element clearfix\" style=\"display:block; height:auto;\">\n\t\t\n<style>\n#gap-218188082 {\n  padding-top: 74px;\n}\n<\/style>\n\t<\/div>\n\t\n\t<div id=\"text-2254327832\" class=\"text\">\n\t\t\n<section>\n<p data-start=\"385\" data-end=\"622\">Wagner Pensel \u00e4r en svensk leverant\u00f6r av <strong data-start=\"426\" data-end=\"476\">professionella penslar, m\u00e5leriverktyg och tejp<\/strong> f\u00f6r yrkesbruk. Vi riktar oss till m\u00e5lare, industri, byggverksamhet och \u00e5terf\u00f6rs\u00e4ljare som st\u00e4ller h\u00f6ga krav p\u00e5 kvalitet, funktion och h\u00e5llbarhet.<\/p>\n<p data-start=\"624\" data-end=\"911\">Med l\u00e5ng erfarenhet inom branschen har Wagner Pensel byggt upp ett sortiment anpassat f\u00f6r daglig anv\u00e4ndning i professionella milj\u00f6er. V\u00e5ra produkter anv\u00e4nds av allt fr\u00e5n enskilda yrkesm\u00e5lare till st\u00f6rre f\u00f6retag inom industri och bygg, samt av etablerade \u00e5terf\u00f6rs\u00e4ljare \u00f6ver hela Sverige.<\/p>\n<hr data-start=\"913\" data-end=\"916\" \/>\n<h2 data-section-id=\"1anjczq\" data-start=\"918\" data-end=\"938\">Sortiment &amp; fokus<\/h2>\n<p data-start=\"939\" data-end=\"1044\">Wagner Pensel erbjuder ett brett sortiment av produkter f\u00f6r m\u00e5leri och ytbehandling, d\u00e4r fokus ligger p\u00e5:<\/p>\n<ul data-start=\"1046\" data-end=\"1171\">\n<li data-section-id=\"1g80r50\" data-start=\"1046\" data-end=\"1085\">\n<p data-start=\"1048\" data-end=\"1085\"><strong data-start=\"1048\" data-end=\"1083\">Penslar f\u00f6r professionellt bruk<\/strong><\/p>\n<\/li>\n<li data-section-id=\"66v9dt\" data-start=\"1086\" data-end=\"1128\">\n<p data-start=\"1088\" data-end=\"1128\"><strong data-start=\"1088\" data-end=\"1126\">M\u00e5leriverktyg f\u00f6r effektivt arbete<\/strong><\/p>\n<\/li>\n<li data-section-id=\"kgryrm\" data-start=\"1129\" data-end=\"1171\">\n<p data-start=\"1131\" data-end=\"1171\"><strong data-start=\"1131\" data-end=\"1169\">Tejp f\u00f6r m\u00e5leri, bygg och industri<\/strong><\/p>\n<\/li>\n<\/ul>\n<p data-start=\"1173\" data-end=\"1322\">V\u00e5rt sortiment av tejp inkluderar l\u00f6sningar f\u00f6r olika typer av maskering och applikationer, d\u00e4r krav p\u00e5 precision och p\u00e5litlig funktion \u00e4r avg\u00f6rande.<\/p>\n<p data-start=\"1324\" data-end=\"1494\">Vi erbjuder tejp fr\u00e5n <strong data-start=\"1358\" data-end=\"1399\"><span class=\"hover:entity-accent entity-underline inline cursor-pointer align-baseline\"><span class=\"whitespace-normal\">KIP<\/span><\/span><\/strong>, ett v\u00e4lk\u00e4nt varum\u00e4rke inom professionell tejp f\u00f6r m\u00e5lare och industriella anv\u00e4ndningsomr\u00e5den.<\/p>\n<hr data-start=\"1496\" data-end=\"1499\" \/>\n<h2 data-section-id=\"n0zvxg\" data-start=\"1501\" data-end=\"1532\">F\u00f6r professionella anv\u00e4ndare<\/h2>\n<p data-start=\"1533\" data-end=\"1700\">Wagner Pensel arbetar uteslutande med <strong data-start=\"1571\" data-end=\"1595\">f\u00f6retagskunder (B2B)<\/strong>. V\u00e5ra produkter \u00e4r framtagna f\u00f6r att leverera j\u00e4mna resultat och h\u00f6g prestanda i kr\u00e4vande arbetsmilj\u00f6er.<\/p>\n<p data-start=\"1702\" data-end=\"1720\">Vi samarbetar med:<\/p>\n<ul data-start=\"1721\" data-end=\"1839\">\n<li data-section-id=\"si42xz\" data-start=\"1721\" data-end=\"1754\">\n<p data-start=\"1723\" data-end=\"1754\">Yrkesm\u00e5lare och m\u00e5lerif\u00f6retag<\/p>\n<\/li>\n<li data-section-id=\"x13xst\" data-start=\"1755\" data-end=\"1784\">\n<p data-start=\"1757\" data-end=\"1784\">Industriella verksamheter<\/p>\n<\/li>\n<li data-section-id=\"1qur7if\" data-start=\"1785\" data-end=\"1809\">\n<p data-start=\"1787\" data-end=\"1809\">Bygg- och f\u00e4rghandel<\/p>\n<\/li>\n<li data-section-id=\"fnf1o2\" data-start=\"1810\" data-end=\"1839\">\n<p data-start=\"1812\" data-end=\"1839\">\u00c5terf\u00f6rs\u00e4ljare och kedjor<\/p>\n<\/li>\n<\/ul>\n<hr data-start=\"1841\" data-end=\"1844\" \/>\n<h2 data-section-id=\"1p8el8e\" data-start=\"1846\" data-end=\"1885\">En stabil partner inom m\u00e5leriverktyg<\/h2>\n<p data-start=\"1886\" data-end=\"2074\">Genom att kombinera erfarenhet, produktutveckling och n\u00e4ra samarbete med v\u00e5ra kunder str\u00e4var vi efter att vara en <strong data-start=\"2000\" data-end=\"2073\">l\u00e5ngsiktig och p\u00e5litlig leverant\u00f6r av penslar, m\u00e5leriverktyg och tejp<\/strong>.<\/p>\n<hr data-start=\"2076\" data-end=\"2079\" \/>\n<h2 data-section-id=\"sccsw7\" data-start=\"2081\" data-end=\"2097\">Privatperson?<\/h2>\n<p data-start=\"2098\" data-end=\"2317\">Wagner Pensel s\u00e4ljer inte direkt till privatpersoner.<br data-start=\"2151\" data-end=\"2154\" \/>Som konsument kan du k\u00f6pa v\u00e5ra produkter via \u00e5terf\u00f6rs\u00e4ljare som exempelvis <strong data-start=\"2229\" data-end=\"2270\"><span class=\"hover:entity-accent entity-underline inline cursor-pointer align-baseline\"><span class=\"whitespace-normal\">3nds Nordic AB<\/span><\/span><\/strong> och <strong data-start=\"2275\" data-end=\"2316\"><span class=\"hover:entity-accent entity-underline inline cursor-pointer align-baseline\"><span class=\"whitespace-normal\">Bygghemma<\/span><\/span><\/strong>.<\/p>\n<\/section>\n\t\t\n<style>\n#text-2254327832 {\n  text-align: center;\n}\n<\/style>\n\t<\/div>","protected":false},"excerpt":{"rendered":"","protected":false},"author":1,"featured_media":0,"parent":0,"menu_order":0,"comment_status":"closed","ping_status":"closed","template":"page-blank.php","meta":{"footnotes":""},"class_list":["post-114","page","type-page","status-publish","hentry"],"yoast_head":"<!-- This site is optimized with the Yoast SEO plugin v26.6 - https:\/\/yoast.com\/wordpress\/plugins\/seo\/ -->\n<title>Om oss - Wagner Pensel<\/title>\n<meta name=\"robots\" content=\"index, follow, max-snippet:-1, max-image-preview:large, max-video-preview:-1\" \/>\n<link rel=\"canonical\" href=\"https:\/\/wagnerpensel.se\/en\/om-oss\/\" \/>\n<meta property=\"og:locale\" content=\"en_GB\" \/>\n<meta property=\"og:type\" content=\"article\" \/>\n<meta property=\"og:title\" content=\"Om oss - Wagner Pensel\" \/>\n<meta property=\"og:url\" content=\"https:\/\/wagnerpensel.se\/en\/om-oss\/\" \/>\n<meta property=\"og:site_name\" content=\"Wagner Pensel\" \/>\n<meta property=\"article:publisher\" content=\"https:\/\/www.facebook.com\/wagnerpensel\" \/>\n<meta property=\"article:modified_time\" content=\"2026-03-18T13:14:07+00:00\" \/>\n<meta name=\"twitter:card\" content=\"summary_large_image\" \/>\n<meta name=\"twitter:label1\" content=\"Estimated reading time\" \/>\n\t<meta name=\"twitter:data1\" content=\"2 minutes\" \/>\n<script type=\"application\/ld+json\" class=\"yoast-schema-graph\">{\"@context\":\"https:\/\/schema.org\",\"@graph\":[{\"@type\":\"WebPage\",\"@id\":\"https:\/\/wagnerpensel.se\/om-oss\/\",\"url\":\"https:\/\/wagnerpensel.se\/om-oss\/\",\"name\":\"Om oss - Wagner Pensel\",\"isPartOf\":{\"@id\":\"https:\/\/wagnerpensel.se\/#website\"},\"datePublished\":\"2017-05-02T11:36:23+00:00\",\"dateModified\":\"2026-03-18T13:14:07+00:00\",\"breadcrumb\":{\"@id\":\"https:\/\/wagnerpensel.se\/om-oss\/#breadcrumb\"},\"inLanguage\":\"en-GB\",\"potentialAction\":[{\"@type\":\"ReadAction\",\"target\":[\"https:\/\/wagnerpensel.se\/om-oss\/\"]}]},{\"@type\":\"BreadcrumbList\",\"@id\":\"https:\/\/wagnerpensel.se\/om-oss\/#breadcrumb\",\"itemListElement\":[{\"@type\":\"ListItem\",\"position\":1,\"name\":\"Hem\",\"item\":\"https:\/\/wagnerpensel.se\/\"},{\"@type\":\"ListItem\",\"position\":2,\"name\":\"Om oss\"}]},{\"@type\":\"WebSite\",\"@id\":\"https:\/\/wagnerpensel.se\/#website\",\"url\":\"https:\/\/wagnerpensel.se\/\",\"name\":\"Wagner Pensel\",\"description\":\"Vi tillverkar penslar f\u00f6r m\u00e5leriarbeten och m\u00e5larindustrin.\",\"publisher\":{\"@id\":\"https:\/\/wagnerpensel.se\/#organization\"},\"potentialAction\":[{\"@type\":\"SearchAction\",\"target\":{\"@type\":\"EntryPoint\",\"urlTemplate\":\"https:\/\/wagnerpensel.se\/?s={search_term_string}\"},\"query-input\":{\"@type\":\"PropertyValueSpecification\",\"valueRequired\":true,\"valueName\":\"search_term_string\"}}],\"inLanguage\":\"en-GB\"},{\"@type\":\"Organization\",\"@id\":\"https:\/\/wagnerpensel.se\/#organization\",\"name\":\"Wagner Pensel\",\"url\":\"https:\/\/wagnerpensel.se\/\",\"logo\":{\"@type\":\"ImageObject\",\"inLanguage\":\"en-GB\",\"@id\":\"https:\/\/wagnerpensel.se\/#\/schema\/logo\/image\/\",\"url\":\"https:\/\/wagnerpensel.se\/wp-content\/uploads\/2025\/12\/wagner-logo.png\",\"contentUrl\":\"https:\/\/wagnerpensel.se\/wp-content\/uploads\/2025\/12\/wagner-logo.png\",\"width\":1354,\"height\":765,\"caption\":\"Wagner Pensel\"},\"image\":{\"@id\":\"https:\/\/wagnerpensel.se\/#\/schema\/logo\/image\/\"},\"sameAs\":[\"https:\/\/www.facebook.com\/wagnerpensel\"]}]}<\/script>\n<!-- \/ Yoast SEO plugin. -->","yoast_head_json":{"title":"Om oss - Wagner Pensel","robots":{"index":"index","follow":"follow","max-snippet":"max-snippet:-1","max-image-preview":"max-image-preview:large","max-video-preview":"max-video-preview:-1"},"canonical":"https:\/\/wagnerpensel.se\/en\/om-oss\/","og_locale":"en_GB","og_type":"article","og_title":"Om oss - Wagner Pensel","og_url":"https:\/\/wagnerpensel.se\/en\/om-oss\/","og_site_name":"Wagner Pensel","article_publisher":"https:\/\/www.facebook.com\/wagnerpensel","article_modified_time":"2026-03-18T13:14:07+00:00","twitter_card":"summary_large_image","twitter_misc":{"Estimated reading time":"2 minutes"},"schema":{"@context":"https:\/\/schema.org","@graph":[{"@type":"WebPage","@id":"https:\/\/wagnerpensel.se\/om-oss\/","url":"https:\/\/wagnerpensel.se\/om-oss\/","name":"Om oss - Wagner Pensel","isPartOf":{"@id":"https:\/\/wagnerpensel.se\/#website"},"datePublished":"2017-05-02T11:36:23+00:00","dateModified":"2026-03-18T13:14:07+00:00","breadcrumb":{"@id":"https:\/\/wagnerpensel.se\/om-oss\/#breadcrumb"},"inLanguage":"en-GB","potentialAction":[{"@type":"ReadAction","target":["https:\/\/wagnerpensel.se\/om-oss\/"]}]},{"@type":"BreadcrumbList","@id":"https:\/\/wagnerpensel.se\/om-oss\/#breadcrumb","itemListElement":[{"@type":"ListItem","position":1,"name":"Hem","item":"https:\/\/wagnerpensel.se\/"},{"@type":"ListItem","position":2,"name":"Om oss"}]},{"@type":"WebSite","@id":"https:\/\/wagnerpensel.se\/#website","url":"https:\/\/wagnerpensel.se\/","name":"Wagner Pensel","description":"Vi tillverkar penslar f\u00f6r m\u00e5leriarbeten och m\u00e5larindustrin.","publisher":{"@id":"https:\/\/wagnerpensel.se\/#organization"},"potentialAction":[{"@type":"SearchAction","target":{"@type":"EntryPoint","urlTemplate":"https:\/\/wagnerpensel.se\/?s={search_term_string}"},"query-input":{"@type":"PropertyValueSpecification","valueRequired":true,"valueName":"search_term_string"}}],"inLanguage":"en-GB"},{"@type":"Organization","@id":"https:\/\/wagnerpensel.se\/#organization","name":"Wagner Pensel","url":"https:\/\/wagnerpensel.se\/","logo":{"@type":"ImageObject","inLanguage":"en-GB","@id":"https:\/\/wagnerpensel.se\/#\/schema\/logo\/image\/","url":"https:\/\/wagnerpensel.se\/wp-content\/uploads\/2025\/12\/wagner-logo.png","contentUrl":"https:\/\/wagnerpensel.se\/wp-content\/uploads\/2025\/12\/wagner-logo.png","width":1354,"height":765,"caption":"Wagner Pensel"},"image":{"@id":"https:\/\/wagnerpensel.se\/#\/schema\/logo\/image\/"},"sameAs":["https:\/\/www.facebook.com\/wagnerpensel"]}]}},"_links":{"self":[{"href":"https:\/\/wagnerpensel.se\/en\/wp-json\/wp\/v2\/pages\/114","targetHints":{"allow":["GET"]}}],"collection":[{"href":"https:\/\/wagnerpensel.se\/en\/wp-json\/wp\/v2\/pages"}],"about":[{"href":"https:\/\/wagnerpensel.se\/en\/wp-json\/wp\/v2\/types\/page"}],"author":[{"embeddable":true,"href":"https:\/\/wagnerpensel.se\/en\/wp-json\/wp\/v2\/users\/1"}],"replies":[{"embeddable":true,"href":"https:\/\/wagnerpensel.se\/en\/wp-json\/wp\/v2\/comments?post=114"}],"version-history":[{"count":14,"href":"https:\/\/wagnerpensel.se\/en\/wp-json\/wp\/v2\/pages\/114\/revisions"}],"predecessor-version":[{"id":2262,"href":"https:\/\/wagnerpensel.se\/en\/wp-json\/wp\/v2\/pages\/114\/revisions\/2262"}],"wp:attachment":[{"href":"https:\/\/wagnerpensel.se\/en\/wp-json\/wp\/v2\/media?parent=114"}],"curies":[{"name":"wp","href":"https:\/\/api.w.org\/{rel}","templated":true}]}}