{"id":1669,"date":"2021-10-19T11:44:38","date_gmt":"2021-10-19T09:44:38","guid":{"rendered":"https:\/\/wagnerpensel.se\/?post_type=product&#038;p=1669"},"modified":"2025-12-21T20:17:44","modified_gmt":"2025-12-21T19:17:44","slug":"wagner-excellent-lack-sned-35-mm","status":"publish","type":"product","link":"https:\/\/wagnerpensel.se\/en\/product\/wagner-excellent-lack-sned-35-mm\/","title":{"rendered":"Wagner Excellent Lack Sned 35 mm"},"content":{"rendered":"<p>Lackpensel med snedklippt borst f\u00f6r att komma \u00e5t i h\u00f6rn samt f\u00f6r att kunna sparm\u00e5la p\u00e5 ett mycket enkelt s\u00e4tt. Den snedklippta borsten g\u00f6r ocks\u00e5 att r\u00f6relsen vid m\u00e5lning blir mer ergonomisk och avlastande f\u00f6r handen, \u00e4ven vid m\u00e5lning av plana ytor. Sl\u00e4pper ingen borst, droppar minimalt och l\u00e4tt att reng\u00f6ra.<\/p>","protected":false},"excerpt":{"rendered":"<p>Pris per styck<\/p>\n<p>S\u00e4ljes i 10-pack<\/p>","protected":false},"featured_media":1670,"template":"","meta":[],"product_brand":[],"product_cat":[40,43],"product_tag":[],"class_list":{"0":"post-1669","1":"product","2":"type-product","3":"status-publish","4":"has-post-thumbnail","6":"product_cat-uncategorized","7":"product_cat-wagner-pensel","9":"first","10":"instock","11":"shipping-taxable","12":"purchasable","13":"product-type-simple"},"yoast_head":"<!-- This site is optimized with the Yoast SEO plugin v26.6 - https:\/\/yoast.com\/wordpress\/plugins\/seo\/ -->\n<title>Wagner Excellent Lack Sned 35 mm - Wagner Pensel<\/title>\n<meta name=\"robots\" content=\"index, follow, max-snippet:-1, max-image-preview:large, max-video-preview:-1\" \/>\n<link rel=\"canonical\" href=\"https:\/\/wagnerpensel.se\/en\/product\/wagner-excellent-lack-sned-35-mm\/\" \/>\n<meta property=\"og:locale\" content=\"en_GB\" \/>\n<meta property=\"og:type\" content=\"article\" \/>\n<meta property=\"og:title\" content=\"Wagner Excellent Lack Sned 35 mm - Wagner Pensel\" \/>\n<meta property=\"og:description\" content=\"Pris per styckS\u00e4ljes i 10-pack\" \/>\n<meta property=\"og:url\" content=\"https:\/\/wagnerpensel.se\/en\/product\/wagner-excellent-lack-sned-35-mm\/\" \/>\n<meta property=\"og:site_name\" content=\"Wagner Pensel\" \/>\n<meta property=\"article:publisher\" content=\"https:\/\/www.facebook.com\/wagnerpensel\" \/>\n<meta property=\"article:modified_time\" content=\"2025-12-21T19:17:44+00:00\" \/>\n<meta property=\"og:image\" content=\"https:\/\/wagnerpensel.se\/wp-content\/uploads\/2021\/10\/369135-scaled.jpg\" \/>\n\t<meta property=\"og:image:width\" content=\"2560\" \/>\n\t<meta property=\"og:image:height\" content=\"2560\" \/>\n\t<meta property=\"og:image:type\" content=\"image\/jpeg\" \/>\n<meta name=\"twitter:card\" content=\"summary_large_image\" \/>\n<script type=\"application\/ld+json\" class=\"yoast-schema-graph\">{\"@context\":\"https:\/\/schema.org\",\"@graph\":[{\"@type\":\"WebPage\",\"@id\":\"https:\/\/wagnerpensel.se\/produkt\/wagner-excellent-lack-sned-35-mm\/\",\"url\":\"https:\/\/wagnerpensel.se\/produkt\/wagner-excellent-lack-sned-35-mm\/\",\"name\":\"Wagner Excellent Lack Sned 35 mm - Wagner Pensel\",\"isPartOf\":{\"@id\":\"https:\/\/wagnerpensel.se\/#website\"},\"primaryImageOfPage\":{\"@id\":\"https:\/\/wagnerpensel.se\/produkt\/wagner-excellent-lack-sned-35-mm\/#primaryimage\"},\"image\":{\"@id\":\"https:\/\/wagnerpensel.se\/produkt\/wagner-excellent-lack-sned-35-mm\/#primaryimage\"},\"thumbnailUrl\":\"https:\/\/wagnerpensel.se\/wp-content\/uploads\/2021\/10\/369135-scaled.jpg\",\"datePublished\":\"2021-10-19T09:44:38+00:00\",\"dateModified\":\"2025-12-21T19:17:44+00:00\",\"breadcrumb\":{\"@id\":\"https:\/\/wagnerpensel.se\/produkt\/wagner-excellent-lack-sned-35-mm\/#breadcrumb\"},\"inLanguage\":\"en-GB\",\"potentialAction\":[{\"@type\":\"ReadAction\",\"target\":[\"https:\/\/wagnerpensel.se\/produkt\/wagner-excellent-lack-sned-35-mm\/\"]}]},{\"@type\":\"ImageObject\",\"inLanguage\":\"en-GB\",\"@id\":\"https:\/\/wagnerpensel.se\/produkt\/wagner-excellent-lack-sned-35-mm\/#primaryimage\",\"url\":\"https:\/\/wagnerpensel.se\/wp-content\/uploads\/2021\/10\/369135-scaled.jpg\",\"contentUrl\":\"https:\/\/wagnerpensel.se\/wp-content\/uploads\/2021\/10\/369135-scaled.jpg\",\"width\":2560,\"height\":2560,\"caption\":\"Sned lackpensel\"},{\"@type\":\"BreadcrumbList\",\"@id\":\"https:\/\/wagnerpensel.se\/produkt\/wagner-excellent-lack-sned-35-mm\/#breadcrumb\",\"itemListElement\":[{\"@type\":\"ListItem\",\"position\":1,\"name\":\"Hem\",\"item\":\"https:\/\/wagnerpensel.se\/\"},{\"@type\":\"ListItem\",\"position\":2,\"name\":\"Produkter\",\"item\":\"https:\/\/wagnerpensel.se\/produkter\/\"},{\"@type\":\"ListItem\",\"position\":3,\"name\":\"Wagner Excellent Lack Sned 35 mm\"}]},{\"@type\":\"WebSite\",\"@id\":\"https:\/\/wagnerpensel.se\/#website\",\"url\":\"https:\/\/wagnerpensel.se\/\",\"name\":\"Wagner Pensel\",\"description\":\"Vi tillverkar penslar f\u00f6r m\u00e5leriarbeten och m\u00e5larindustrin.\",\"publisher\":{\"@id\":\"https:\/\/wagnerpensel.se\/#organization\"},\"potentialAction\":[{\"@type\":\"SearchAction\",\"target\":{\"@type\":\"EntryPoint\",\"urlTemplate\":\"https:\/\/wagnerpensel.se\/?s={search_term_string}\"},\"query-input\":{\"@type\":\"PropertyValueSpecification\",\"valueRequired\":true,\"valueName\":\"search_term_string\"}}],\"inLanguage\":\"en-GB\"},{\"@type\":\"Organization\",\"@id\":\"https:\/\/wagnerpensel.se\/#organization\",\"name\":\"Wagner Pensel\",\"url\":\"https:\/\/wagnerpensel.se\/\",\"logo\":{\"@type\":\"ImageObject\",\"inLanguage\":\"en-GB\",\"@id\":\"https:\/\/wagnerpensel.se\/#\/schema\/logo\/image\/\",\"url\":\"https:\/\/wagnerpensel.se\/wp-content\/uploads\/2025\/12\/wagner-logo.png\",\"contentUrl\":\"https:\/\/wagnerpensel.se\/wp-content\/uploads\/2025\/12\/wagner-logo.png\",\"width\":1354,\"height\":765,\"caption\":\"Wagner Pensel\"},\"image\":{\"@id\":\"https:\/\/wagnerpensel.se\/#\/schema\/logo\/image\/\"},\"sameAs\":[\"https:\/\/www.facebook.com\/wagnerpensel\"]}]}<\/script>\n<!-- \/ Yoast SEO plugin. -->","yoast_head_json":{"title":"Wagner Excellent Lack Sned 35 mm - Wagner Pensel","robots":{"index":"index","follow":"follow","max-snippet":"max-snippet:-1","max-image-preview":"max-image-preview:large","max-video-preview":"max-video-preview:-1"},"canonical":"https:\/\/wagnerpensel.se\/en\/product\/wagner-excellent-lack-sned-35-mm\/","og_locale":"en_GB","og_type":"article","og_title":"Wagner Excellent Lack Sned 35 mm - Wagner Pensel","og_description":"Pris per styckS\u00e4ljes i 10-pack","og_url":"https:\/\/wagnerpensel.se\/en\/product\/wagner-excellent-lack-sned-35-mm\/","og_site_name":"Wagner Pensel","article_publisher":"https:\/\/www.facebook.com\/wagnerpensel","article_modified_time":"2025-12-21T19:17:44+00:00","og_image":[{"width":2560,"height":2560,"url":"https:\/\/wagnerpensel.se\/wp-content\/uploads\/2021\/10\/369135-scaled.jpg","type":"image\/jpeg"}],"twitter_card":"summary_large_image","schema":{"@context":"https:\/\/schema.org","@graph":[{"@type":"WebPage","@id":"https:\/\/wagnerpensel.se\/produkt\/wagner-excellent-lack-sned-35-mm\/","url":"https:\/\/wagnerpensel.se\/produkt\/wagner-excellent-lack-sned-35-mm\/","name":"Wagner Excellent Lack Sned 35 mm - Wagner Pensel","isPartOf":{"@id":"https:\/\/wagnerpensel.se\/#website"},"primaryImageOfPage":{"@id":"https:\/\/wagnerpensel.se\/produkt\/wagner-excellent-lack-sned-35-mm\/#primaryimage"},"image":{"@id":"https:\/\/wagnerpensel.se\/produkt\/wagner-excellent-lack-sned-35-mm\/#primaryimage"},"thumbnailUrl":"https:\/\/wagnerpensel.se\/wp-content\/uploads\/2021\/10\/369135-scaled.jpg","datePublished":"2021-10-19T09:44:38+00:00","dateModified":"2025-12-21T19:17:44+00:00","breadcrumb":{"@id":"https:\/\/wagnerpensel.se\/produkt\/wagner-excellent-lack-sned-35-mm\/#breadcrumb"},"inLanguage":"en-GB","potentialAction":[{"@type":"ReadAction","target":["https:\/\/wagnerpensel.se\/produkt\/wagner-excellent-lack-sned-35-mm\/"]}]},{"@type":"ImageObject","inLanguage":"en-GB","@id":"https:\/\/wagnerpensel.se\/produkt\/wagner-excellent-lack-sned-35-mm\/#primaryimage","url":"https:\/\/wagnerpensel.se\/wp-content\/uploads\/2021\/10\/369135-scaled.jpg","contentUrl":"https:\/\/wagnerpensel.se\/wp-content\/uploads\/2021\/10\/369135-scaled.jpg","width":2560,"height":2560,"caption":"Sned lackpensel"},{"@type":"BreadcrumbList","@id":"https:\/\/wagnerpensel.se\/produkt\/wagner-excellent-lack-sned-35-mm\/#breadcrumb","itemListElement":[{"@type":"ListItem","position":1,"name":"Hem","item":"https:\/\/wagnerpensel.se\/"},{"@type":"ListItem","position":2,"name":"Produkter","item":"https:\/\/wagnerpensel.se\/produkter\/"},{"@type":"ListItem","position":3,"name":"Wagner Excellent Lack Sned 35 mm"}]},{"@type":"WebSite","@id":"https:\/\/wagnerpensel.se\/#website","url":"https:\/\/wagnerpensel.se\/","name":"Wagner Pensel","description":"Vi tillverkar penslar f\u00f6r m\u00e5leriarbeten och m\u00e5larindustrin.","publisher":{"@id":"https:\/\/wagnerpensel.se\/#organization"},"potentialAction":[{"@type":"SearchAction","target":{"@type":"EntryPoint","urlTemplate":"https:\/\/wagnerpensel.se\/?s={search_term_string}"},"query-input":{"@type":"PropertyValueSpecification","valueRequired":true,"valueName":"search_term_string"}}],"inLanguage":"en-GB"},{"@type":"Organization","@id":"https:\/\/wagnerpensel.se\/#organization","name":"Wagner Pensel","url":"https:\/\/wagnerpensel.se\/","logo":{"@type":"ImageObject","inLanguage":"en-GB","@id":"https:\/\/wagnerpensel.se\/#\/schema\/logo\/image\/","url":"https:\/\/wagnerpensel.se\/wp-content\/uploads\/2025\/12\/wagner-logo.png","contentUrl":"https:\/\/wagnerpensel.se\/wp-content\/uploads\/2025\/12\/wagner-logo.png","width":1354,"height":765,"caption":"Wagner Pensel"},"image":{"@id":"https:\/\/wagnerpensel.se\/#\/schema\/logo\/image\/"},"sameAs":["https:\/\/www.facebook.com\/wagnerpensel"]}]}},"_links":{"self":[{"href":"https:\/\/wagnerpensel.se\/en\/wp-json\/wp\/v2\/product\/1669","targetHints":{"allow":["GET"]}}],"collection":[{"href":"https:\/\/wagnerpensel.se\/en\/wp-json\/wp\/v2\/product"}],"about":[{"href":"https:\/\/wagnerpensel.se\/en\/wp-json\/wp\/v2\/types\/product"}],"wp:featuredmedia":[{"embeddable":true,"href":"https:\/\/wagnerpensel.se\/en\/wp-json\/wp\/v2\/media\/1670"}],"wp:attachment":[{"href":"https:\/\/wagnerpensel.se\/en\/wp-json\/wp\/v2\/media?parent=1669"}],"wp:term":[{"taxonomy":"product_brand","embeddable":true,"href":"https:\/\/wagnerpensel.se\/en\/wp-json\/wp\/v2\/product_brand?post=1669"},{"taxonomy":"product_cat","embeddable":true,"href":"https:\/\/wagnerpensel.se\/en\/wp-json\/wp\/v2\/product_cat?post=1669"},{"taxonomy":"product_tag","embeddable":true,"href":"https:\/\/wagnerpensel.se\/en\/wp-json\/wp\/v2\/product_tag?post=1669"}],"curies":[{"name":"wp","href":"https:\/\/api.w.org\/{rel}","templated":true}]}}