{"id":1685,"date":"2021-10-27T14:05:24","date_gmt":"2021-10-27T12:05:24","guid":{"rendered":"https:\/\/wagnerpensel.se\/?post_type=product&#038;p=1685"},"modified":"2025-12-21T20:17:44","modified_gmt":"2025-12-21T19:17:44","slug":"wagner-excellent-vinkelpensel-kort","status":"publish","type":"product","link":"https:\/\/wagnerpensel.se\/en\/product\/wagner-excellent-vinkelpensel-kort\/","title":{"rendered":"Wagner Excellent           Vinkelpensel Kort 50 mm"},"content":{"rendered":"<p>En tjock vinkelpensel med kort handtag. Vinkeln p\u00e5 handtaget g\u00f6r att du f\u00e5r mer ergonomi i dina r\u00f6relser och kommer \u00e5t p\u00e5 st\u00e4llen d\u00e4r det \u00e4r sv\u00e5rt att komma \u00e5t med en pensel som har ett rakt handtag. Den \u00e4r bekv\u00e4m att h\u00e5lla i, har mycket bra t\u00e4ckf\u00f6rm\u00e5ga och sl\u00e4pper ingen borst. Penseln droppar minimalt och \u00e4r l\u00e4tt att reng\u00f6ra.<\/p>","protected":false},"excerpt":{"rendered":"<p>Pris per styck<\/p>\n<p>S\u00e4ljes i 10-pack<\/p>","protected":false},"featured_media":1686,"template":"","meta":[],"product_brand":[],"product_cat":[40,43],"product_tag":[],"class_list":{"0":"post-1685","1":"product","2":"type-product","3":"status-publish","4":"has-post-thumbnail","6":"product_cat-uncategorized","7":"product_cat-wagner-pensel","9":"first","10":"instock","11":"shipping-taxable","12":"purchasable","13":"product-type-simple"},"yoast_head":"<!-- This site is optimized with the Yoast SEO plugin v26.6 - https:\/\/yoast.com\/wordpress\/plugins\/seo\/ -->\n<title>Wagner Excellent      Vinkelpensel Kort 50 mm - Wagner Pensel<\/title>\n<meta name=\"robots\" content=\"index, follow, max-snippet:-1, max-image-preview:large, max-video-preview:-1\" \/>\n<link rel=\"canonical\" href=\"https:\/\/wagnerpensel.se\/en\/product\/wagner-excellent-vinkelpensel-kort\/\" \/>\n<meta property=\"og:locale\" content=\"en_GB\" \/>\n<meta property=\"og:type\" content=\"article\" \/>\n<meta property=\"og:title\" content=\"Wagner Excellent      Vinkelpensel Kort 50 mm - Wagner Pensel\" \/>\n<meta property=\"og:description\" content=\"Pris per styckS\u00e4ljes i 10-pack\" \/>\n<meta property=\"og:url\" content=\"https:\/\/wagnerpensel.se\/en\/product\/wagner-excellent-vinkelpensel-kort\/\" \/>\n<meta property=\"og:site_name\" content=\"Wagner Pensel\" \/>\n<meta property=\"article:publisher\" content=\"https:\/\/www.facebook.com\/wagnerpensel\" \/>\n<meta property=\"article:modified_time\" content=\"2025-12-21T19:17:44+00:00\" \/>\n<meta property=\"og:image\" content=\"https:\/\/wagnerpensel.se\/wp-content\/uploads\/2021\/10\/389-red.-fo\u0308rminskad-1.jpg\" \/>\n\t<meta property=\"og:image:width\" content=\"1448\" \/>\n\t<meta property=\"og:image:height\" content=\"1448\" \/>\n\t<meta property=\"og:image:type\" content=\"image\/jpeg\" \/>\n<meta name=\"twitter:card\" content=\"summary_large_image\" \/>\n<script type=\"application\/ld+json\" class=\"yoast-schema-graph\">{\"@context\":\"https:\/\/schema.org\",\"@graph\":[{\"@type\":\"WebPage\",\"@id\":\"https:\/\/wagnerpensel.se\/produkt\/wagner-excellent-vinkelpensel-kort\/\",\"url\":\"https:\/\/wagnerpensel.se\/produkt\/wagner-excellent-vinkelpensel-kort\/\",\"name\":\"Wagner Excellent Vinkelpensel Kort 50 mm - Wagner Pensel\",\"isPartOf\":{\"@id\":\"https:\/\/wagnerpensel.se\/#website\"},\"primaryImageOfPage\":{\"@id\":\"https:\/\/wagnerpensel.se\/produkt\/wagner-excellent-vinkelpensel-kort\/#primaryimage\"},\"image\":{\"@id\":\"https:\/\/wagnerpensel.se\/produkt\/wagner-excellent-vinkelpensel-kort\/#primaryimage\"},\"thumbnailUrl\":\"https:\/\/wagnerpensel.se\/wp-content\/uploads\/2021\/10\/389-red.-fo\u0308rminskad-1.jpg\",\"datePublished\":\"2021-10-27T12:05:24+00:00\",\"dateModified\":\"2025-12-21T19:17:44+00:00\",\"breadcrumb\":{\"@id\":\"https:\/\/wagnerpensel.se\/produkt\/wagner-excellent-vinkelpensel-kort\/#breadcrumb\"},\"inLanguage\":\"en-GB\",\"potentialAction\":[{\"@type\":\"ReadAction\",\"target\":[\"https:\/\/wagnerpensel.se\/produkt\/wagner-excellent-vinkelpensel-kort\/\"]}]},{\"@type\":\"ImageObject\",\"inLanguage\":\"en-GB\",\"@id\":\"https:\/\/wagnerpensel.se\/produkt\/wagner-excellent-vinkelpensel-kort\/#primaryimage\",\"url\":\"https:\/\/wagnerpensel.se\/wp-content\/uploads\/2021\/10\/389-red.-fo\u0308rminskad-1.jpg\",\"contentUrl\":\"https:\/\/wagnerpensel.se\/wp-content\/uploads\/2021\/10\/389-red.-fo\u0308rminskad-1.jpg\",\"width\":1448,\"height\":1448,\"caption\":\"Vinklad pensel, tr\u00e4skaft med liten logga ljus fin borst\"},{\"@type\":\"BreadcrumbList\",\"@id\":\"https:\/\/wagnerpensel.se\/produkt\/wagner-excellent-vinkelpensel-kort\/#breadcrumb\",\"itemListElement\":[{\"@type\":\"ListItem\",\"position\":1,\"name\":\"Hem\",\"item\":\"https:\/\/wagnerpensel.se\/\"},{\"@type\":\"ListItem\",\"position\":2,\"name\":\"Produkter\",\"item\":\"https:\/\/wagnerpensel.se\/produkter\/\"},{\"@type\":\"ListItem\",\"position\":3,\"name\":\"Wagner Excellent Vinkelpensel Kort 50 mm\"}]},{\"@type\":\"WebSite\",\"@id\":\"https:\/\/wagnerpensel.se\/#website\",\"url\":\"https:\/\/wagnerpensel.se\/\",\"name\":\"Wagner Pensel\",\"description\":\"Vi tillverkar penslar f\u00f6r m\u00e5leriarbeten och m\u00e5larindustrin.\",\"publisher\":{\"@id\":\"https:\/\/wagnerpensel.se\/#organization\"},\"potentialAction\":[{\"@type\":\"SearchAction\",\"target\":{\"@type\":\"EntryPoint\",\"urlTemplate\":\"https:\/\/wagnerpensel.se\/?s={search_term_string}\"},\"query-input\":{\"@type\":\"PropertyValueSpecification\",\"valueRequired\":true,\"valueName\":\"search_term_string\"}}],\"inLanguage\":\"en-GB\"},{\"@type\":\"Organization\",\"@id\":\"https:\/\/wagnerpensel.se\/#organization\",\"name\":\"Wagner Pensel\",\"url\":\"https:\/\/wagnerpensel.se\/\",\"logo\":{\"@type\":\"ImageObject\",\"inLanguage\":\"en-GB\",\"@id\":\"https:\/\/wagnerpensel.se\/#\/schema\/logo\/image\/\",\"url\":\"https:\/\/wagnerpensel.se\/wp-content\/uploads\/2025\/12\/wagner-logo.png\",\"contentUrl\":\"https:\/\/wagnerpensel.se\/wp-content\/uploads\/2025\/12\/wagner-logo.png\",\"width\":1354,\"height\":765,\"caption\":\"Wagner Pensel\"},\"image\":{\"@id\":\"https:\/\/wagnerpensel.se\/#\/schema\/logo\/image\/\"},\"sameAs\":[\"https:\/\/www.facebook.com\/wagnerpensel\"]}]}<\/script>\n<!-- \/ Yoast SEO plugin. -->","yoast_head_json":{"title":"Wagner Excellent      Vinkelpensel Kort 50 mm - Wagner Pensel","robots":{"index":"index","follow":"follow","max-snippet":"max-snippet:-1","max-image-preview":"max-image-preview:large","max-video-preview":"max-video-preview:-1"},"canonical":"https:\/\/wagnerpensel.se\/en\/product\/wagner-excellent-vinkelpensel-kort\/","og_locale":"en_GB","og_type":"article","og_title":"Wagner Excellent      Vinkelpensel Kort 50 mm - Wagner Pensel","og_description":"Pris per styckS\u00e4ljes i 10-pack","og_url":"https:\/\/wagnerpensel.se\/en\/product\/wagner-excellent-vinkelpensel-kort\/","og_site_name":"Wagner Pensel","article_publisher":"https:\/\/www.facebook.com\/wagnerpensel","article_modified_time":"2025-12-21T19:17:44+00:00","og_image":[{"width":1448,"height":1448,"url":"https:\/\/wagnerpensel.se\/wp-content\/uploads\/2021\/10\/389-red.-fo\u0308rminskad-1.jpg","type":"image\/jpeg"}],"twitter_card":"summary_large_image","schema":{"@context":"https:\/\/schema.org","@graph":[{"@type":"WebPage","@id":"https:\/\/wagnerpensel.se\/produkt\/wagner-excellent-vinkelpensel-kort\/","url":"https:\/\/wagnerpensel.se\/produkt\/wagner-excellent-vinkelpensel-kort\/","name":"Wagner Excellent Vinkelpensel Kort 50 mm - Wagner Pensel","isPartOf":{"@id":"https:\/\/wagnerpensel.se\/#website"},"primaryImageOfPage":{"@id":"https:\/\/wagnerpensel.se\/produkt\/wagner-excellent-vinkelpensel-kort\/#primaryimage"},"image":{"@id":"https:\/\/wagnerpensel.se\/produkt\/wagner-excellent-vinkelpensel-kort\/#primaryimage"},"thumbnailUrl":"https:\/\/wagnerpensel.se\/wp-content\/uploads\/2021\/10\/389-red.-fo\u0308rminskad-1.jpg","datePublished":"2021-10-27T12:05:24+00:00","dateModified":"2025-12-21T19:17:44+00:00","breadcrumb":{"@id":"https:\/\/wagnerpensel.se\/produkt\/wagner-excellent-vinkelpensel-kort\/#breadcrumb"},"inLanguage":"en-GB","potentialAction":[{"@type":"ReadAction","target":["https:\/\/wagnerpensel.se\/produkt\/wagner-excellent-vinkelpensel-kort\/"]}]},{"@type":"ImageObject","inLanguage":"en-GB","@id":"https:\/\/wagnerpensel.se\/produkt\/wagner-excellent-vinkelpensel-kort\/#primaryimage","url":"https:\/\/wagnerpensel.se\/wp-content\/uploads\/2021\/10\/389-red.-fo\u0308rminskad-1.jpg","contentUrl":"https:\/\/wagnerpensel.se\/wp-content\/uploads\/2021\/10\/389-red.-fo\u0308rminskad-1.jpg","width":1448,"height":1448,"caption":"Vinklad pensel, tr\u00e4skaft med liten logga ljus fin borst"},{"@type":"BreadcrumbList","@id":"https:\/\/wagnerpensel.se\/produkt\/wagner-excellent-vinkelpensel-kort\/#breadcrumb","itemListElement":[{"@type":"ListItem","position":1,"name":"Hem","item":"https:\/\/wagnerpensel.se\/"},{"@type":"ListItem","position":2,"name":"Produkter","item":"https:\/\/wagnerpensel.se\/produkter\/"},{"@type":"ListItem","position":3,"name":"Wagner Excellent Vinkelpensel Kort 50 mm"}]},{"@type":"WebSite","@id":"https:\/\/wagnerpensel.se\/#website","url":"https:\/\/wagnerpensel.se\/","name":"Wagner Pensel","description":"Vi tillverkar penslar f\u00f6r m\u00e5leriarbeten och m\u00e5larindustrin.","publisher":{"@id":"https:\/\/wagnerpensel.se\/#organization"},"potentialAction":[{"@type":"SearchAction","target":{"@type":"EntryPoint","urlTemplate":"https:\/\/wagnerpensel.se\/?s={search_term_string}"},"query-input":{"@type":"PropertyValueSpecification","valueRequired":true,"valueName":"search_term_string"}}],"inLanguage":"en-GB"},{"@type":"Organization","@id":"https:\/\/wagnerpensel.se\/#organization","name":"Wagner Pensel","url":"https:\/\/wagnerpensel.se\/","logo":{"@type":"ImageObject","inLanguage":"en-GB","@id":"https:\/\/wagnerpensel.se\/#\/schema\/logo\/image\/","url":"https:\/\/wagnerpensel.se\/wp-content\/uploads\/2025\/12\/wagner-logo.png","contentUrl":"https:\/\/wagnerpensel.se\/wp-content\/uploads\/2025\/12\/wagner-logo.png","width":1354,"height":765,"caption":"Wagner Pensel"},"image":{"@id":"https:\/\/wagnerpensel.se\/#\/schema\/logo\/image\/"},"sameAs":["https:\/\/www.facebook.com\/wagnerpensel"]}]}},"_links":{"self":[{"href":"https:\/\/wagnerpensel.se\/en\/wp-json\/wp\/v2\/product\/1685","targetHints":{"allow":["GET"]}}],"collection":[{"href":"https:\/\/wagnerpensel.se\/en\/wp-json\/wp\/v2\/product"}],"about":[{"href":"https:\/\/wagnerpensel.se\/en\/wp-json\/wp\/v2\/types\/product"}],"wp:featuredmedia":[{"embeddable":true,"href":"https:\/\/wagnerpensel.se\/en\/wp-json\/wp\/v2\/media\/1686"}],"wp:attachment":[{"href":"https:\/\/wagnerpensel.se\/en\/wp-json\/wp\/v2\/media?parent=1685"}],"wp:term":[{"taxonomy":"product_brand","embeddable":true,"href":"https:\/\/wagnerpensel.se\/en\/wp-json\/wp\/v2\/product_brand?post=1685"},{"taxonomy":"product_cat","embeddable":true,"href":"https:\/\/wagnerpensel.se\/en\/wp-json\/wp\/v2\/product_cat?post=1685"},{"taxonomy":"product_tag","embeddable":true,"href":"https:\/\/wagnerpensel.se\/en\/wp-json\/wp\/v2\/product_tag?post=1685"}],"curies":[{"name":"wp","href":"https:\/\/api.w.org\/{rel}","templated":true}]}}