{"id":2025,"date":"2025-07-09T14:22:08","date_gmt":"2025-07-09T12:22:08","guid":{"rendered":"https:\/\/wagnerpensel.se\/?post_type=product&#038;p=2025"},"modified":"2025-12-21T20:12:25","modified_gmt":"2025-12-21T19:12:25","slug":"kip-washi-tec-standard-36mmx50m","status":"publish","type":"product","link":"https:\/\/wagnerpensel.se\/en\/product\/kip-washi-tec-standard-36mmx50m\/","title":{"rendered":"KIP Washi-Tec Standard 36 mm x 50 m \u2013 UV-Resistent Maskeringstejp f\u00f6r Skarpa Linjer"},"content":{"rendered":"<p data-start=\"452\" data-end=\"772\">KIP Washi-Tec Standard \u00e4r en <strong data-start=\"481\" data-end=\"526\">slitstark och UV-resistent maskeringstejp<\/strong> med god vidh\u00e4ftningsf\u00f6rm\u00e5ga, utvecklad f\u00f6r professionella maskeringsarbeten inom <strong data-start=\"608\" data-end=\"637\">m\u00e5leri, bygg och industri<\/strong>. Bredden p\u00e5 36 mm g\u00f6r tejpen s\u00e4rskilt l\u00e4mplig n\u00e4r n\u00e5got st\u00f6rre ytor beh\u00f6ver maskeras effektivt, samtidigt som h\u00f6g precision bibeh\u00e5lls.<\/p>\n<p data-start=\"774\" data-end=\"1051\">Tejpen \u00e4r konstruerad f\u00f6r att ge <strong data-start=\"807\" data-end=\"837\">skarpa och rena f\u00e4rgkanter<\/strong> p\u00e5 b\u00e5de <strong data-start=\"846\" data-end=\"880\">sl\u00e4ta och l\u00e4tt oj\u00e4mna underlag<\/strong>. Den sitter stabilt under arbetets g\u00e5ng utan att krypa eller sl\u00e4ppa f\u00e4rg under kanten och \u00e4r anpassad f\u00f6r att kunna tas bort efter avslutat arbete vid korrekt anv\u00e4ndning.<\/p>\n<p data-start=\"1053\" data-end=\"1320\">KIP Washi-Tec Standard \u00e4r <strong data-start=\"1079\" data-end=\"1095\">UV-resistent<\/strong>, vilket g\u00f6r den l\u00e4mplig f\u00f6r b\u00e5de inom- och utomhusbruk. Tejpen kan sitta kvar upp till <strong data-start=\"1183\" data-end=\"1204\">6 m\u00e5nader inomhus<\/strong> och <strong data-start=\"1209\" data-end=\"1238\">upp till 4 veckor utomhus<\/strong>, vilket ger stor flexibilitet vid b\u00e5de kortare arbeten och etappindelade projekt.<\/p>\n<p data-start=\"1322\" data-end=\"1511\">Produkten anv\u00e4nds dagligen av <strong data-start=\"1352\" data-end=\"1398\">yrkesm\u00e5lare och professionella hantverkare<\/strong> som beh\u00f6ver en p\u00e5litlig maskeringstejp f\u00f6r arbeten d\u00e4r finish, h\u00e5llbarhet och konsekventa resultat \u00e4r avg\u00f6rande.<\/p>\n<hr data-start=\"1513\" data-end=\"1516\" \/>\n<h2 data-start=\"1518\" data-end=\"1547\">Typiska anv\u00e4ndningsomr\u00e5den<\/h2>\n<ul data-start=\"1548\" data-end=\"1729\">\n<li data-start=\"1548\" data-end=\"1573\">\n<p data-start=\"1550\" data-end=\"1573\">Professionellt m\u00e5leri<\/p>\n<\/li>\n<li data-start=\"1574\" data-end=\"1620\">\n<p data-start=\"1576\" data-end=\"1620\">Maskering av v\u00e4ggar, snickerier och lister<\/p>\n<\/li>\n<li data-start=\"1621\" data-end=\"1653\">\n<p data-start=\"1623\" data-end=\"1653\">Bygg- och renoveringsprojekt<\/p>\n<\/li>\n<li data-start=\"1654\" data-end=\"1697\">\n<p data-start=\"1656\" data-end=\"1697\">Maskering p\u00e5 sl\u00e4ta och l\u00e4tt oj\u00e4mna ytor<\/p>\n<\/li>\n<li data-start=\"1698\" data-end=\"1729\">\n<p data-start=\"1700\" data-end=\"1729\">Inomhus- och utomhusarbeten<\/p>\n<\/li>\n<\/ul>\n<hr data-start=\"1731\" data-end=\"1734\" \/>\n<h2 data-start=\"1736\" data-end=\"1754\">Specifikationer<\/h2>\n<ul data-start=\"1755\" data-end=\"2147\">\n<li data-start=\"1755\" data-end=\"1795\">\n<p data-start=\"1757\" data-end=\"1795\">Typ: Maskeringstejp \/ Precisionstejp<\/p>\n<\/li>\n<li data-start=\"1796\" data-end=\"1827\">\n<p data-start=\"1798\" data-end=\"1827\">Tejptyp: Washi-Tec Standard<\/p>\n<\/li>\n<li data-start=\"1828\" data-end=\"1844\">\n<p data-start=\"1830\" data-end=\"1844\">Bredd: 36 mm<\/p>\n<\/li>\n<li data-start=\"1845\" data-end=\"1864\">\n<p data-start=\"1847\" data-end=\"1864\">L\u00e4ngd: 50 meter<\/p>\n<\/li>\n<li data-start=\"1865\" data-end=\"1885\">\n<p data-start=\"1867\" data-end=\"1885\">Vidh\u00e4ftning: God<\/p>\n<\/li>\n<li data-start=\"1886\" data-end=\"1925\">\n<p data-start=\"1888\" data-end=\"1925\">Egenskaper: Slitstark, UV-resistent<\/p>\n<\/li>\n<li data-start=\"1926\" data-end=\"1981\">\n<p data-start=\"1928\" data-end=\"1981\">Rekommenderade underlag: Sl\u00e4ta och l\u00e4tt oj\u00e4mna ytor<\/p>\n<\/li>\n<li data-start=\"1982\" data-end=\"2024\">\n<p data-start=\"1984\" data-end=\"2024\">Anv\u00e4ndning inomhus: Upp till 6 m\u00e5nader<\/p>\n<\/li>\n<li data-start=\"2025\" data-end=\"2066\">\n<p data-start=\"2027\" data-end=\"2066\">Anv\u00e4ndning utomhus: Upp till 4 veckor<\/p>\n<\/li>\n<li data-start=\"2067\" data-end=\"2105\">\n<p data-start=\"2069\" data-end=\"2105\">F\u00f6rpackning: 36 rullar per kartong<\/p>\n<\/li>\n<li data-start=\"2106\" data-end=\"2147\">\n<p data-start=\"2108\" data-end=\"2147\">M\u00e5lgrupp: Yrkesm\u00e5lare, bygg, industri<\/p>\n<\/li>\n<\/ul>\n<hr data-start=\"2149\" data-end=\"2152\" \/>\n<h2 data-start=\"2154\" data-end=\"2192\">F\u00f6rdelar i professionell anv\u00e4ndning<\/h2>\n<ul data-start=\"2193\" data-end=\"2385\">\n<li data-start=\"2193\" data-end=\"2228\">\n<p data-start=\"2195\" data-end=\"2228\">Ger skarpa och j\u00e4mna f\u00e4rgkanter<\/p>\n<\/li>\n<li data-start=\"2229\" data-end=\"2269\">\n<p data-start=\"2231\" data-end=\"2269\">Stabil vidh\u00e4ftning utan f\u00e4rgbl\u00f6dning<\/p>\n<\/li>\n<li data-start=\"2270\" data-end=\"2309\">\n<p data-start=\"2272\" data-end=\"2309\">UV-resistent f\u00f6r s\u00e4kert utomhusbruk<\/p>\n<\/li>\n<li data-start=\"2310\" data-end=\"2341\">\n<p data-start=\"2312\" data-end=\"2341\">L\u00e5ng anv\u00e4ndningstid inomhus<\/p>\n<\/li>\n<li data-start=\"2342\" data-end=\"2385\">\n<p data-start=\"2344\" data-end=\"2385\">Effektiv maskering av n\u00e5got st\u00f6rre ytor<\/p>\n<\/li>\n<\/ul>\n<hr data-start=\"2387\" data-end=\"2390\" \/>\n<h1 data-start=\"2392\" data-end=\"2410\"><\/h1>","protected":false},"excerpt":{"rendered":"<p>Pris per styck, s\u00e4ljes i 9-pack<\/p>","protected":false},"featured_media":2139,"template":"","meta":[],"product_brand":[],"product_cat":[42,40],"product_tag":[],"class_list":{"0":"post-2025","1":"product","2":"type-product","3":"status-publish","4":"has-post-thumbnail","6":"product_cat-kip-tejp","7":"product_cat-uncategorized","9":"first","10":"instock","11":"shipping-taxable","12":"purchasable","13":"product-type-simple"},"yoast_head":"<!-- This site is optimized with the Yoast SEO plugin v26.6 - https:\/\/yoast.com\/wordpress\/plugins\/seo\/ -->\n<title>KIP Washi-Tec Standard 36 mm | UV-Resistent Maskeringstejp<\/title>\n<meta name=\"description\" content=\"UV-resistent maskeringstejp f\u00f6r skarpa linjer. KIP Washi-Tec Standard 36 mm ger stabil vidh\u00e4ftning inom- och utomhus.\" \/>\n<meta name=\"robots\" content=\"index, follow, max-snippet:-1, max-image-preview:large, max-video-preview:-1\" \/>\n<link rel=\"canonical\" href=\"https:\/\/wagnerpensel.se\/en\/product\/kip-washi-tec-standard-36mmx50m\/\" \/>\n<meta property=\"og:locale\" content=\"en_GB\" \/>\n<meta property=\"og:type\" content=\"article\" \/>\n<meta property=\"og:title\" content=\"KIP Washi-Tec Standard 36 mm | UV-Resistent Maskeringstejp\" \/>\n<meta property=\"og:description\" content=\"UV-resistent maskeringstejp f\u00f6r skarpa linjer. KIP Washi-Tec Standard 36 mm ger stabil vidh\u00e4ftning inom- och utomhus.\" \/>\n<meta property=\"og:url\" content=\"https:\/\/wagnerpensel.se\/en\/product\/kip-washi-tec-standard-36mmx50m\/\" \/>\n<meta property=\"og:site_name\" content=\"Wagner Pensel\" \/>\n<meta property=\"article:publisher\" content=\"https:\/\/www.facebook.com\/wagnerpensel\" \/>\n<meta property=\"article:modified_time\" content=\"2025-12-21T19:12:25+00:00\" \/>\n<meta property=\"og:image\" content=\"https:\/\/wagnerpensel.se\/wp-content\/uploads\/2025\/11\/3608-18.jpg\" \/>\n\t<meta property=\"og:image:width\" content=\"2012\" \/>\n\t<meta property=\"og:image:height\" content=\"2012\" \/>\n\t<meta property=\"og:image:type\" content=\"image\/jpeg\" \/>\n<meta name=\"twitter:card\" content=\"summary_large_image\" \/>\n<meta name=\"twitter:label1\" content=\"Estimated reading time\" \/>\n\t<meta name=\"twitter:data1\" content=\"2 minutes\" \/>\n<script type=\"application\/ld+json\" class=\"yoast-schema-graph\">{\"@context\":\"https:\/\/schema.org\",\"@graph\":[{\"@type\":\"WebPage\",\"@id\":\"https:\/\/wagnerpensel.se\/produkt\/kip-washi-tec-standard-36mmx50m\/\",\"url\":\"https:\/\/wagnerpensel.se\/produkt\/kip-washi-tec-standard-36mmx50m\/\",\"name\":\"KIP Washi-Tec Standard 36 mm | UV-Resistent Maskeringstejp\",\"isPartOf\":{\"@id\":\"https:\/\/wagnerpensel.se\/#website\"},\"primaryImageOfPage\":{\"@id\":\"https:\/\/wagnerpensel.se\/produkt\/kip-washi-tec-standard-36mmx50m\/#primaryimage\"},\"image\":{\"@id\":\"https:\/\/wagnerpensel.se\/produkt\/kip-washi-tec-standard-36mmx50m\/#primaryimage\"},\"thumbnailUrl\":\"https:\/\/wagnerpensel.se\/wp-content\/uploads\/2025\/11\/3608-18.jpg\",\"datePublished\":\"2025-07-09T12:22:08+00:00\",\"dateModified\":\"2025-12-21T19:12:25+00:00\",\"description\":\"UV-resistent maskeringstejp f\u00f6r skarpa linjer. KIP Washi-Tec Standard 36 mm ger stabil vidh\u00e4ftning inom- och utomhus.\",\"breadcrumb\":{\"@id\":\"https:\/\/wagnerpensel.se\/produkt\/kip-washi-tec-standard-36mmx50m\/#breadcrumb\"},\"inLanguage\":\"en-GB\",\"potentialAction\":[{\"@type\":\"ReadAction\",\"target\":[\"https:\/\/wagnerpensel.se\/produkt\/kip-washi-tec-standard-36mmx50m\/\"]}]},{\"@type\":\"ImageObject\",\"inLanguage\":\"en-GB\",\"@id\":\"https:\/\/wagnerpensel.se\/produkt\/kip-washi-tec-standard-36mmx50m\/#primaryimage\",\"url\":\"https:\/\/wagnerpensel.se\/wp-content\/uploads\/2025\/11\/3608-18.jpg\",\"contentUrl\":\"https:\/\/wagnerpensel.se\/wp-content\/uploads\/2025\/11\/3608-18.jpg\",\"width\":2012,\"height\":2012},{\"@type\":\"BreadcrumbList\",\"@id\":\"https:\/\/wagnerpensel.se\/produkt\/kip-washi-tec-standard-36mmx50m\/#breadcrumb\",\"itemListElement\":[{\"@type\":\"ListItem\",\"position\":1,\"name\":\"Hem\",\"item\":\"https:\/\/wagnerpensel.se\/\"},{\"@type\":\"ListItem\",\"position\":2,\"name\":\"Produkter\",\"item\":\"https:\/\/wagnerpensel.se\/produkter\/\"},{\"@type\":\"ListItem\",\"position\":3,\"name\":\"KIP Washi-Tec Standard 36 mm x 50 m \u2013 UV-Resistent Maskeringstejp f\u00f6r Skarpa Linjer\"}]},{\"@type\":\"WebSite\",\"@id\":\"https:\/\/wagnerpensel.se\/#website\",\"url\":\"https:\/\/wagnerpensel.se\/\",\"name\":\"Wagner Pensel\",\"description\":\"Vi tillverkar penslar f\u00f6r m\u00e5leriarbeten och m\u00e5larindustrin.\",\"publisher\":{\"@id\":\"https:\/\/wagnerpensel.se\/#organization\"},\"potentialAction\":[{\"@type\":\"SearchAction\",\"target\":{\"@type\":\"EntryPoint\",\"urlTemplate\":\"https:\/\/wagnerpensel.se\/?s={search_term_string}\"},\"query-input\":{\"@type\":\"PropertyValueSpecification\",\"valueRequired\":true,\"valueName\":\"search_term_string\"}}],\"inLanguage\":\"en-GB\"},{\"@type\":\"Organization\",\"@id\":\"https:\/\/wagnerpensel.se\/#organization\",\"name\":\"Wagner Pensel\",\"url\":\"https:\/\/wagnerpensel.se\/\",\"logo\":{\"@type\":\"ImageObject\",\"inLanguage\":\"en-GB\",\"@id\":\"https:\/\/wagnerpensel.se\/#\/schema\/logo\/image\/\",\"url\":\"https:\/\/wagnerpensel.se\/wp-content\/uploads\/2025\/12\/wagner-logo.png\",\"contentUrl\":\"https:\/\/wagnerpensel.se\/wp-content\/uploads\/2025\/12\/wagner-logo.png\",\"width\":1354,\"height\":765,\"caption\":\"Wagner Pensel\"},\"image\":{\"@id\":\"https:\/\/wagnerpensel.se\/#\/schema\/logo\/image\/\"},\"sameAs\":[\"https:\/\/www.facebook.com\/wagnerpensel\"]}]}<\/script>\n<!-- \/ Yoast SEO plugin. -->","yoast_head_json":{"title":"KIP Washi-Tec Standard 36 mm | UV-Resistent Maskeringstejp","description":"UV-resistent maskeringstejp f\u00f6r skarpa linjer. KIP Washi-Tec Standard 36 mm ger stabil vidh\u00e4ftning inom- och utomhus.","robots":{"index":"index","follow":"follow","max-snippet":"max-snippet:-1","max-image-preview":"max-image-preview:large","max-video-preview":"max-video-preview:-1"},"canonical":"https:\/\/wagnerpensel.se\/en\/product\/kip-washi-tec-standard-36mmx50m\/","og_locale":"en_GB","og_type":"article","og_title":"KIP Washi-Tec Standard 36 mm | UV-Resistent Maskeringstejp","og_description":"UV-resistent maskeringstejp f\u00f6r skarpa linjer. KIP Washi-Tec Standard 36 mm ger stabil vidh\u00e4ftning inom- och utomhus.","og_url":"https:\/\/wagnerpensel.se\/en\/product\/kip-washi-tec-standard-36mmx50m\/","og_site_name":"Wagner Pensel","article_publisher":"https:\/\/www.facebook.com\/wagnerpensel","article_modified_time":"2025-12-21T19:12:25+00:00","og_image":[{"width":2012,"height":2012,"url":"https:\/\/wagnerpensel.se\/wp-content\/uploads\/2025\/11\/3608-18.jpg","type":"image\/jpeg"}],"twitter_card":"summary_large_image","twitter_misc":{"Estimated reading time":"2 minutes"},"schema":{"@context":"https:\/\/schema.org","@graph":[{"@type":"WebPage","@id":"https:\/\/wagnerpensel.se\/produkt\/kip-washi-tec-standard-36mmx50m\/","url":"https:\/\/wagnerpensel.se\/produkt\/kip-washi-tec-standard-36mmx50m\/","name":"KIP Washi-Tec Standard 36 mm | UV-Resistent Maskeringstejp","isPartOf":{"@id":"https:\/\/wagnerpensel.se\/#website"},"primaryImageOfPage":{"@id":"https:\/\/wagnerpensel.se\/produkt\/kip-washi-tec-standard-36mmx50m\/#primaryimage"},"image":{"@id":"https:\/\/wagnerpensel.se\/produkt\/kip-washi-tec-standard-36mmx50m\/#primaryimage"},"thumbnailUrl":"https:\/\/wagnerpensel.se\/wp-content\/uploads\/2025\/11\/3608-18.jpg","datePublished":"2025-07-09T12:22:08+00:00","dateModified":"2025-12-21T19:12:25+00:00","description":"UV-resistent maskeringstejp f\u00f6r skarpa linjer. KIP Washi-Tec Standard 36 mm ger stabil vidh\u00e4ftning inom- och utomhus.","breadcrumb":{"@id":"https:\/\/wagnerpensel.se\/produkt\/kip-washi-tec-standard-36mmx50m\/#breadcrumb"},"inLanguage":"en-GB","potentialAction":[{"@type":"ReadAction","target":["https:\/\/wagnerpensel.se\/produkt\/kip-washi-tec-standard-36mmx50m\/"]}]},{"@type":"ImageObject","inLanguage":"en-GB","@id":"https:\/\/wagnerpensel.se\/produkt\/kip-washi-tec-standard-36mmx50m\/#primaryimage","url":"https:\/\/wagnerpensel.se\/wp-content\/uploads\/2025\/11\/3608-18.jpg","contentUrl":"https:\/\/wagnerpensel.se\/wp-content\/uploads\/2025\/11\/3608-18.jpg","width":2012,"height":2012},{"@type":"BreadcrumbList","@id":"https:\/\/wagnerpensel.se\/produkt\/kip-washi-tec-standard-36mmx50m\/#breadcrumb","itemListElement":[{"@type":"ListItem","position":1,"name":"Hem","item":"https:\/\/wagnerpensel.se\/"},{"@type":"ListItem","position":2,"name":"Produkter","item":"https:\/\/wagnerpensel.se\/produkter\/"},{"@type":"ListItem","position":3,"name":"KIP Washi-Tec Standard 36 mm x 50 m \u2013 UV-Resistent Maskeringstejp f\u00f6r Skarpa Linjer"}]},{"@type":"WebSite","@id":"https:\/\/wagnerpensel.se\/#website","url":"https:\/\/wagnerpensel.se\/","name":"Wagner Pensel","description":"Vi tillverkar penslar f\u00f6r m\u00e5leriarbeten och m\u00e5larindustrin.","publisher":{"@id":"https:\/\/wagnerpensel.se\/#organization"},"potentialAction":[{"@type":"SearchAction","target":{"@type":"EntryPoint","urlTemplate":"https:\/\/wagnerpensel.se\/?s={search_term_string}"},"query-input":{"@type":"PropertyValueSpecification","valueRequired":true,"valueName":"search_term_string"}}],"inLanguage":"en-GB"},{"@type":"Organization","@id":"https:\/\/wagnerpensel.se\/#organization","name":"Wagner Pensel","url":"https:\/\/wagnerpensel.se\/","logo":{"@type":"ImageObject","inLanguage":"en-GB","@id":"https:\/\/wagnerpensel.se\/#\/schema\/logo\/image\/","url":"https:\/\/wagnerpensel.se\/wp-content\/uploads\/2025\/12\/wagner-logo.png","contentUrl":"https:\/\/wagnerpensel.se\/wp-content\/uploads\/2025\/12\/wagner-logo.png","width":1354,"height":765,"caption":"Wagner Pensel"},"image":{"@id":"https:\/\/wagnerpensel.se\/#\/schema\/logo\/image\/"},"sameAs":["https:\/\/www.facebook.com\/wagnerpensel"]}]}},"_links":{"self":[{"href":"https:\/\/wagnerpensel.se\/en\/wp-json\/wp\/v2\/product\/2025","targetHints":{"allow":["GET"]}}],"collection":[{"href":"https:\/\/wagnerpensel.se\/en\/wp-json\/wp\/v2\/product"}],"about":[{"href":"https:\/\/wagnerpensel.se\/en\/wp-json\/wp\/v2\/types\/product"}],"wp:featuredmedia":[{"embeddable":true,"href":"https:\/\/wagnerpensel.se\/en\/wp-json\/wp\/v2\/media\/2139"}],"wp:attachment":[{"href":"https:\/\/wagnerpensel.se\/en\/wp-json\/wp\/v2\/media?parent=2025"}],"wp:term":[{"taxonomy":"product_brand","embeddable":true,"href":"https:\/\/wagnerpensel.se\/en\/wp-json\/wp\/v2\/product_brand?post=2025"},{"taxonomy":"product_cat","embeddable":true,"href":"https:\/\/wagnerpensel.se\/en\/wp-json\/wp\/v2\/product_cat?post=2025"},{"taxonomy":"product_tag","embeddable":true,"href":"https:\/\/wagnerpensel.se\/en\/wp-json\/wp\/v2\/product_tag?post=2025"}],"curies":[{"name":"wp","href":"https:\/\/api.w.org\/{rel}","templated":true}]}}