{"id":2066,"date":"2025-09-15T13:08:04","date_gmt":"2025-09-15T11:08:04","guid":{"rendered":"https:\/\/wagnerpensel.se\/?post_type=product&#038;p=2066"},"modified":"2025-09-15T13:14:08","modified_gmt":"2025-09-15T11:14:08","slug":"minirulle-nylon-kort-lugg-100-mm","status":"publish","type":"product","link":"https:\/\/wagnerpensel.se\/en\/product\/minirulle-nylon-kort-lugg-100-mm\/","title":{"rendered":"Minirulle Nylon Kort Lugg 100 mm, Bulk"},"content":{"rendered":"<p>Rulle i polyamid<\/p>\n<p>Luggl\u00e4ngd: 6 mm<\/p>\n<p>T\u00e5l tv\u00e5-komponents- och l\u00f6sningsbaserade f\u00e4rger<\/p>","protected":false},"excerpt":{"rendered":"<p>Pris per styck<\/p>\n<p>S\u00e4ljes i 100-pack<\/p>","protected":false},"featured_media":965,"template":"","meta":[],"product_brand":[],"product_cat":[40],"product_tag":[],"class_list":{"0":"post-2066","1":"product","2":"type-product","3":"status-publish","4":"has-post-thumbnail","6":"product_cat-uncategorized","8":"first","9":"instock","10":"shipping-taxable","11":"purchasable","12":"product-type-simple"},"yoast_head":"<!-- This site is optimized with the Yoast SEO plugin v26.6 - https:\/\/yoast.com\/wordpress\/plugins\/seo\/ -->\n<title>Minirulle Nylon Kort Lugg 100 mm, Bulk - Wagner Pensel<\/title>\n<meta name=\"robots\" content=\"index, follow, max-snippet:-1, max-image-preview:large, max-video-preview:-1\" \/>\n<link rel=\"canonical\" href=\"https:\/\/wagnerpensel.se\/en\/product\/minirulle-nylon-kort-lugg-100-mm\/\" \/>\n<meta property=\"og:locale\" content=\"en_GB\" \/>\n<meta property=\"og:type\" content=\"article\" \/>\n<meta property=\"og:title\" content=\"Minirulle Nylon Kort Lugg 100 mm, Bulk - Wagner Pensel\" \/>\n<meta property=\"og:description\" content=\"Pris per styck  S\u00e4ljes i 100-pack\" \/>\n<meta property=\"og:url\" content=\"https:\/\/wagnerpensel.se\/en\/product\/minirulle-nylon-kort-lugg-100-mm\/\" \/>\n<meta property=\"og:site_name\" content=\"Wagner Pensel\" \/>\n<meta property=\"article:publisher\" content=\"https:\/\/www.facebook.com\/wagnerpensel\" \/>\n<meta property=\"article:modified_time\" content=\"2025-09-15T11:14:08+00:00\" \/>\n<meta property=\"og:image\" content=\"https:\/\/wagnerpensel.se\/wp-content\/uploads\/2017\/09\/nylon-616100-scaled.jpg\" \/>\n\t<meta property=\"og:image:width\" content=\"2560\" \/>\n\t<meta property=\"og:image:height\" content=\"2560\" \/>\n\t<meta property=\"og:image:type\" content=\"image\/jpeg\" \/>\n<meta name=\"twitter:card\" content=\"summary_large_image\" \/>\n<script type=\"application\/ld+json\" class=\"yoast-schema-graph\">{\"@context\":\"https:\/\/schema.org\",\"@graph\":[{\"@type\":\"WebPage\",\"@id\":\"https:\/\/wagnerpensel.se\/produkt\/minirulle-nylon-kort-lugg-100-mm\/\",\"url\":\"https:\/\/wagnerpensel.se\/produkt\/minirulle-nylon-kort-lugg-100-mm\/\",\"name\":\"Minirulle Nylon Kort Lugg 100 mm, Bulk - Wagner Pensel\",\"isPartOf\":{\"@id\":\"https:\/\/wagnerpensel.se\/#website\"},\"primaryImageOfPage\":{\"@id\":\"https:\/\/wagnerpensel.se\/produkt\/minirulle-nylon-kort-lugg-100-mm\/#primaryimage\"},\"image\":{\"@id\":\"https:\/\/wagnerpensel.se\/produkt\/minirulle-nylon-kort-lugg-100-mm\/#primaryimage\"},\"thumbnailUrl\":\"https:\/\/wagnerpensel.se\/wp-content\/uploads\/2017\/09\/nylon-616100-scaled.jpg\",\"datePublished\":\"2025-09-15T11:08:04+00:00\",\"dateModified\":\"2025-09-15T11:14:08+00:00\",\"breadcrumb\":{\"@id\":\"https:\/\/wagnerpensel.se\/produkt\/minirulle-nylon-kort-lugg-100-mm\/#breadcrumb\"},\"inLanguage\":\"en-GB\",\"potentialAction\":[{\"@type\":\"ReadAction\",\"target\":[\"https:\/\/wagnerpensel.se\/produkt\/minirulle-nylon-kort-lugg-100-mm\/\"]}]},{\"@type\":\"ImageObject\",\"inLanguage\":\"en-GB\",\"@id\":\"https:\/\/wagnerpensel.se\/produkt\/minirulle-nylon-kort-lugg-100-mm\/#primaryimage\",\"url\":\"https:\/\/wagnerpensel.se\/wp-content\/uploads\/2017\/09\/nylon-616100-scaled.jpg\",\"contentUrl\":\"https:\/\/wagnerpensel.se\/wp-content\/uploads\/2017\/09\/nylon-616100-scaled.jpg\",\"width\":2560,\"height\":2560,\"caption\":\"Miniroller, minirulle, m\u00e5larrulle, nylon, bl\u00e5 och gul rand\"},{\"@type\":\"BreadcrumbList\",\"@id\":\"https:\/\/wagnerpensel.se\/produkt\/minirulle-nylon-kort-lugg-100-mm\/#breadcrumb\",\"itemListElement\":[{\"@type\":\"ListItem\",\"position\":1,\"name\":\"Hem\",\"item\":\"https:\/\/wagnerpensel.se\/\"},{\"@type\":\"ListItem\",\"position\":2,\"name\":\"Produkter\",\"item\":\"https:\/\/wagnerpensel.se\/produkter\/\"},{\"@type\":\"ListItem\",\"position\":3,\"name\":\"Minirulle Nylon Kort Lugg 100 mm, Bulk\"}]},{\"@type\":\"WebSite\",\"@id\":\"https:\/\/wagnerpensel.se\/#website\",\"url\":\"https:\/\/wagnerpensel.se\/\",\"name\":\"Wagner Pensel\",\"description\":\"Vi tillverkar penslar f\u00f6r m\u00e5leriarbeten och m\u00e5larindustrin.\",\"publisher\":{\"@id\":\"https:\/\/wagnerpensel.se\/#organization\"},\"potentialAction\":[{\"@type\":\"SearchAction\",\"target\":{\"@type\":\"EntryPoint\",\"urlTemplate\":\"https:\/\/wagnerpensel.se\/?s={search_term_string}\"},\"query-input\":{\"@type\":\"PropertyValueSpecification\",\"valueRequired\":true,\"valueName\":\"search_term_string\"}}],\"inLanguage\":\"en-GB\"},{\"@type\":\"Organization\",\"@id\":\"https:\/\/wagnerpensel.se\/#organization\",\"name\":\"Wagner Pensel\",\"url\":\"https:\/\/wagnerpensel.se\/\",\"logo\":{\"@type\":\"ImageObject\",\"inLanguage\":\"en-GB\",\"@id\":\"https:\/\/wagnerpensel.se\/#\/schema\/logo\/image\/\",\"url\":\"https:\/\/wagnerpensel.se\/wp-content\/uploads\/2025\/12\/wagner-logo.png\",\"contentUrl\":\"https:\/\/wagnerpensel.se\/wp-content\/uploads\/2025\/12\/wagner-logo.png\",\"width\":1354,\"height\":765,\"caption\":\"Wagner Pensel\"},\"image\":{\"@id\":\"https:\/\/wagnerpensel.se\/#\/schema\/logo\/image\/\"},\"sameAs\":[\"https:\/\/www.facebook.com\/wagnerpensel\"]}]}<\/script>\n<!-- \/ Yoast SEO plugin. -->","yoast_head_json":{"title":"Minirulle Nylon Kort Lugg 100 mm, Bulk - Wagner Pensel","robots":{"index":"index","follow":"follow","max-snippet":"max-snippet:-1","max-image-preview":"max-image-preview:large","max-video-preview":"max-video-preview:-1"},"canonical":"https:\/\/wagnerpensel.se\/en\/product\/minirulle-nylon-kort-lugg-100-mm\/","og_locale":"en_GB","og_type":"article","og_title":"Minirulle Nylon Kort Lugg 100 mm, Bulk - Wagner Pensel","og_description":"Pris per styck  S\u00e4ljes i 100-pack","og_url":"https:\/\/wagnerpensel.se\/en\/product\/minirulle-nylon-kort-lugg-100-mm\/","og_site_name":"Wagner Pensel","article_publisher":"https:\/\/www.facebook.com\/wagnerpensel","article_modified_time":"2025-09-15T11:14:08+00:00","og_image":[{"width":2560,"height":2560,"url":"https:\/\/wagnerpensel.se\/wp-content\/uploads\/2017\/09\/nylon-616100-scaled.jpg","type":"image\/jpeg"}],"twitter_card":"summary_large_image","schema":{"@context":"https:\/\/schema.org","@graph":[{"@type":"WebPage","@id":"https:\/\/wagnerpensel.se\/produkt\/minirulle-nylon-kort-lugg-100-mm\/","url":"https:\/\/wagnerpensel.se\/produkt\/minirulle-nylon-kort-lugg-100-mm\/","name":"Minirulle Nylon Kort Lugg 100 mm, Bulk - Wagner Pensel","isPartOf":{"@id":"https:\/\/wagnerpensel.se\/#website"},"primaryImageOfPage":{"@id":"https:\/\/wagnerpensel.se\/produkt\/minirulle-nylon-kort-lugg-100-mm\/#primaryimage"},"image":{"@id":"https:\/\/wagnerpensel.se\/produkt\/minirulle-nylon-kort-lugg-100-mm\/#primaryimage"},"thumbnailUrl":"https:\/\/wagnerpensel.se\/wp-content\/uploads\/2017\/09\/nylon-616100-scaled.jpg","datePublished":"2025-09-15T11:08:04+00:00","dateModified":"2025-09-15T11:14:08+00:00","breadcrumb":{"@id":"https:\/\/wagnerpensel.se\/produkt\/minirulle-nylon-kort-lugg-100-mm\/#breadcrumb"},"inLanguage":"en-GB","potentialAction":[{"@type":"ReadAction","target":["https:\/\/wagnerpensel.se\/produkt\/minirulle-nylon-kort-lugg-100-mm\/"]}]},{"@type":"ImageObject","inLanguage":"en-GB","@id":"https:\/\/wagnerpensel.se\/produkt\/minirulle-nylon-kort-lugg-100-mm\/#primaryimage","url":"https:\/\/wagnerpensel.se\/wp-content\/uploads\/2017\/09\/nylon-616100-scaled.jpg","contentUrl":"https:\/\/wagnerpensel.se\/wp-content\/uploads\/2017\/09\/nylon-616100-scaled.jpg","width":2560,"height":2560,"caption":"Miniroller, minirulle, m\u00e5larrulle, nylon, bl\u00e5 och gul rand"},{"@type":"BreadcrumbList","@id":"https:\/\/wagnerpensel.se\/produkt\/minirulle-nylon-kort-lugg-100-mm\/#breadcrumb","itemListElement":[{"@type":"ListItem","position":1,"name":"Hem","item":"https:\/\/wagnerpensel.se\/"},{"@type":"ListItem","position":2,"name":"Produkter","item":"https:\/\/wagnerpensel.se\/produkter\/"},{"@type":"ListItem","position":3,"name":"Minirulle Nylon Kort Lugg 100 mm, Bulk"}]},{"@type":"WebSite","@id":"https:\/\/wagnerpensel.se\/#website","url":"https:\/\/wagnerpensel.se\/","name":"Wagner Pensel","description":"Vi tillverkar penslar f\u00f6r m\u00e5leriarbeten och m\u00e5larindustrin.","publisher":{"@id":"https:\/\/wagnerpensel.se\/#organization"},"potentialAction":[{"@type":"SearchAction","target":{"@type":"EntryPoint","urlTemplate":"https:\/\/wagnerpensel.se\/?s={search_term_string}"},"query-input":{"@type":"PropertyValueSpecification","valueRequired":true,"valueName":"search_term_string"}}],"inLanguage":"en-GB"},{"@type":"Organization","@id":"https:\/\/wagnerpensel.se\/#organization","name":"Wagner Pensel","url":"https:\/\/wagnerpensel.se\/","logo":{"@type":"ImageObject","inLanguage":"en-GB","@id":"https:\/\/wagnerpensel.se\/#\/schema\/logo\/image\/","url":"https:\/\/wagnerpensel.se\/wp-content\/uploads\/2025\/12\/wagner-logo.png","contentUrl":"https:\/\/wagnerpensel.se\/wp-content\/uploads\/2025\/12\/wagner-logo.png","width":1354,"height":765,"caption":"Wagner Pensel"},"image":{"@id":"https:\/\/wagnerpensel.se\/#\/schema\/logo\/image\/"},"sameAs":["https:\/\/www.facebook.com\/wagnerpensel"]}]}},"_links":{"self":[{"href":"https:\/\/wagnerpensel.se\/en\/wp-json\/wp\/v2\/product\/2066","targetHints":{"allow":["GET"]}}],"collection":[{"href":"https:\/\/wagnerpensel.se\/en\/wp-json\/wp\/v2\/product"}],"about":[{"href":"https:\/\/wagnerpensel.se\/en\/wp-json\/wp\/v2\/types\/product"}],"wp:featuredmedia":[{"embeddable":true,"href":"https:\/\/wagnerpensel.se\/en\/wp-json\/wp\/v2\/media\/965"}],"wp:attachment":[{"href":"https:\/\/wagnerpensel.se\/en\/wp-json\/wp\/v2\/media?parent=2066"}],"wp:term":[{"taxonomy":"product_brand","embeddable":true,"href":"https:\/\/wagnerpensel.se\/en\/wp-json\/wp\/v2\/product_brand?post=2066"},{"taxonomy":"product_cat","embeddable":true,"href":"https:\/\/wagnerpensel.se\/en\/wp-json\/wp\/v2\/product_cat?post=2066"},{"taxonomy":"product_tag","embeddable":true,"href":"https:\/\/wagnerpensel.se\/en\/wp-json\/wp\/v2\/product_tag?post=2066"}],"curies":[{"name":"wp","href":"https:\/\/api.w.org\/{rel}","templated":true}]}}